{"id":567,"date":"2019-02-02T14:38:55","date_gmt":"2019-02-02T13:38:55","guid":{"rendered":"http:\/\/fundacjaws.up.krakow.pl\/?page_id=567"},"modified":"2024-09-27T08:37:39","modified_gmt":"2024-09-27T06:37:39","slug":"nowka-sztuka-napisali-o-nas","status":"publish","type":"page","link":"https:\/\/sensorium.nowkasztuka.com\/index.php\/nowka-sztuka-napisali-o-nas\/","title":{"rendered":"miejsca"},"content":{"rendered":"<div class=\"post-detail mb40 mt40\">\n<p><strong>Sensorium_artlab to galeria sztuki, w kt\u00f3rej prezentowane b\u0119d\u0105 prace z nurtu art&amp;science, dw\u00f3ch pozornie r\u00f3\u017cnych \u015bwiat\u00f3w, kt\u00f3re jednak doskonale wsp\u00f3\u0142pracuj\u0105, daj\u0105c zaskakuj\u0105ce, nowatorskie projekty. W przestrzeni zobaczymy prace artyst\u00f3w, in\u017cynier\u00f3w, naukowc\u00f3w, kt\u00f3rzy eksploruj\u0105 granice kreatywno\u015bci i wiedzy. Galeria znajduje si\u0119 na Wydziale Informatyki AGH przy ul. Kawiory 21 w Krakowie. Otwarcie zainauguruje wernisa\u017c 27 czerwca.<\/strong><\/p>\n<p>&nbsp;<\/p>\n<p>Obie dziedziny, zar\u00f3wno sztuka, jak i nauka, wyra\u017caj\u0105 ludzk\u0105 kreatywno\u015b\u0107, ciekawo\u015b\u0107 i eksploracj\u0119 \u015bwiata. W galerii prezentowane b\u0119d\u0105 takie realizacje, kt\u00f3re zapadn\u0105 na d\u0142ugo w pami\u0119\u0107. Sk\u0142oni\u0105 nas do refleksji, poszukiwania nieoczywistych wzajemnych inspiracji, przekraczania klasycznych definicji sztuki i jej dyscyplin oraz podnoszenia problem\u00f3w wsp\u00f3\u0142czesnego cz\u0142owieka uwik\u0142anego w technokulturowe procesy.<\/p>\n<p>Celem jest otwarcie na nowe praktyki naukowe i artystyczne, zainteresowanie tw\u00f3rc\u00f3w nowymi badaniami i technologi\u0105 a naukowc\u00f3w sztuk\u0105.<\/p>\n<p><strong>Co prezentowane b\u0119dzie w nowej galerii?<\/strong><\/p>\n<ul>\n<li>Innowacyjne wystawy pokazuj\u0105ce, jak technologia i nauka inspiruje artyst\u00f3w i jak sztuka wykorzystuje technologie przysz\u0142o\u015bci.<\/li>\n<li>Spotkania z artystami i naukowcami: warsztaty, panele dyskusyjne i wyk\u0142ady, aby pozna\u0107 tw\u00f3rc\u00f3w stoj\u0105cych za prezentowanymi dzie\u0142ami.<\/li>\n<li>Multidyscyplinarne projekty: prace, kt\u00f3re \u0142\u0105cz\u0105 r\u00f3\u017cne dziedziny nauki z r\u00f3\u017cnorodnymi formami artystycznymi.<\/li>\n<\/ul>\n<p>Galeria powsta\u0142a we wsp\u00f3\u0142pracy z AGH w Krakowie oraz Fundacj\u0105 N\u00f3wka Sztuka.<\/p>\n<style type=\"text\/css\">\r\n\t#foogallery-gallery-1396 .fg-image {\r\n        width: 150px;\r\n    }\r\n<\/style>\r\n\t\t\t\t<div class=\"foogallery foogallery-container foogallery-default foogallery-lightbox-foogallery fg-gutter-10 fg-center fg-default fg-light fg-border-thin fg-shadow-outline fg-loading-default fg-loaded-fade-in fg-caption-hover fg-hover-fade fg-hover-zoom fg-ready\" id=\"foogallery-gallery-1396\" data-foogallery=\"{&quot;item&quot;:{&quot;showCaptionTitle&quot;:true,&quot;showCaptionDescription&quot;:true},&quot;lazy&quot;:true}\" data-foogallery-lightbox=\"{&quot;thumbs&quot;:&quot;bottom&quot;,&quot;thumbsCaptions&quot;:false,&quot;thumbsBestFit&quot;:false,&quot;thumbsSmall&quot;:false,&quot;thumbsCaptionsAlign&quot;:&quot;default&quot;,&quot;info&quot;:&quot;bottom&quot;,&quot;infoVisible&quot;:true,&quot;infoOverlay&quot;:true,&quot;infoAlign&quot;:&quot;default&quot;,&quot;transition&quot;:&quot;fade&quot;,&quot;hoverButtons&quot;:false,&quot;fitMedia&quot;:false,&quot;noScrollbars&quot;:true,&quot;preserveButtonSpace&quot;:true,&quot;buttons&quot;:{&quot;fullscreen&quot;:true,&quot;info&quot;:true,&quot;thumbs&quot;:false},&quot;video&quot;:{&quot;autoPlay&quot;:true}}\" >\r\n\t<div class=\"fg-item fg-type-image fg-idle\"><figure class=\"fg-item-inner\"><a href=\"https:\/\/sensorium.nowkasztuka.com\/wp-content\/uploads\/2024\/09\/Low-res-Sensorium-20240627-MZ107624.jpg\" data-attachment-id=\"1397\" data-type=\"image\" class=\"fg-thumb\"><span class=\"fg-image-wrap\"><img decoding=\"async\" width=\"150\" height=\"150\" class=\"skip-lazy fg-image\" data-src-fg=\"https:\/\/sensorium.nowkasztuka.com\/wp-content\/uploads\/cache\/2024\/09\/Low-res-Sensorium-20240627-MZ107624\/598233136.jpg\" src=\"data:image\/svg+xml,%3Csvg%20xmlns%3D%22http%3A%2F%2Fwww.w3.org%2F2000%2Fsvg%22%20width%3D%22150%22%20height%3D%22150%22%20viewBox%3D%220%200%20150%20150%22%3E%3C%2Fsvg%3E\" loading=\"eager\"><\/span><span class=\"fg-image-overlay\"><\/span><\/a><figcaption class=\"fg-caption\"><div class=\"fg-caption-inner\"><\/div><\/figcaption><\/figure><div class=\"fg-loader\"><\/div><\/div><div class=\"fg-item fg-type-image fg-idle\"><figure class=\"fg-item-inner\"><a href=\"https:\/\/sensorium.nowkasztuka.com\/wp-content\/uploads\/2024\/09\/Low-res-Sensorium-20240627-MZ107706.jpg\" data-attachment-id=\"1398\" data-type=\"image\" class=\"fg-thumb\"><span class=\"fg-image-wrap\"><img decoding=\"async\" width=\"150\" height=\"150\" class=\"skip-lazy fg-image\" data-src-fg=\"https:\/\/sensorium.nowkasztuka.com\/wp-content\/uploads\/cache\/2024\/09\/Low-res-Sensorium-20240627-MZ107706\/2322823873.jpg\" src=\"data:image\/svg+xml,%3Csvg%20xmlns%3D%22http%3A%2F%2Fwww.w3.org%2F2000%2Fsvg%22%20width%3D%22150%22%20height%3D%22150%22%20viewBox%3D%220%200%20150%20150%22%3E%3C%2Fsvg%3E\" loading=\"eager\"><\/span><span class=\"fg-image-overlay\"><\/span><\/a><figcaption class=\"fg-caption\"><div class=\"fg-caption-inner\"><\/div><\/figcaption><\/figure><div class=\"fg-loader\"><\/div><\/div><div class=\"fg-item fg-type-image fg-idle\"><figure class=\"fg-item-inner\"><a href=\"https:\/\/sensorium.nowkasztuka.com\/wp-content\/uploads\/2024\/09\/Low-res-Sensorium-20240627-MZ107914.jpg\" data-attachment-id=\"1399\" data-type=\"image\" class=\"fg-thumb\"><span class=\"fg-image-wrap\"><img decoding=\"async\" width=\"150\" height=\"150\" class=\"skip-lazy fg-image\" data-src-fg=\"https:\/\/sensorium.nowkasztuka.com\/wp-content\/uploads\/cache\/2024\/09\/Low-res-Sensorium-20240627-MZ107914\/966392585.jpg\" src=\"data:image\/svg+xml,%3Csvg%20xmlns%3D%22http%3A%2F%2Fwww.w3.org%2F2000%2Fsvg%22%20width%3D%22150%22%20height%3D%22150%22%20viewBox%3D%220%200%20150%20150%22%3E%3C%2Fsvg%3E\" loading=\"eager\"><\/span><span class=\"fg-image-overlay\"><\/span><\/a><figcaption class=\"fg-caption\"><div class=\"fg-caption-inner\"><\/div><\/figcaption><\/figure><div class=\"fg-loader\"><\/div><\/div><div class=\"fg-item fg-type-image fg-idle\"><figure class=\"fg-item-inner\"><a href=\"https:\/\/sensorium.nowkasztuka.com\/wp-content\/uploads\/2024\/09\/Low-res-Sensorium-20240627-MZ107828.jpg\" data-attachment-id=\"1400\" data-type=\"image\" class=\"fg-thumb\"><span class=\"fg-image-wrap\"><img decoding=\"async\" width=\"150\" height=\"150\" class=\"skip-lazy fg-image\" data-src-fg=\"https:\/\/sensorium.nowkasztuka.com\/wp-content\/uploads\/cache\/2024\/09\/Low-res-Sensorium-20240627-MZ107828\/1708528876.jpg\" src=\"data:image\/svg+xml,%3Csvg%20xmlns%3D%22http%3A%2F%2Fwww.w3.org%2F2000%2Fsvg%22%20width%3D%22150%22%20height%3D%22150%22%20viewBox%3D%220%200%20150%20150%22%3E%3C%2Fsvg%3E\" loading=\"eager\"><\/span><span class=\"fg-image-overlay\"><\/span><\/a><figcaption class=\"fg-caption\"><div class=\"fg-caption-inner\"><\/div><\/figcaption><\/figure><div class=\"fg-loader\"><\/div><\/div><div class=\"fg-item fg-type-image fg-idle\"><figure class=\"fg-item-inner\"><a href=\"https:\/\/sensorium.nowkasztuka.com\/wp-content\/uploads\/2024\/09\/Low-res-Sensorium-20240627-MZ107876.jpg\" data-attachment-id=\"1401\" data-type=\"image\" class=\"fg-thumb\"><span class=\"fg-image-wrap\"><img decoding=\"async\" width=\"150\" height=\"150\" class=\"skip-lazy fg-image\" data-src-fg=\"https:\/\/sensorium.nowkasztuka.com\/wp-content\/uploads\/cache\/2024\/09\/Low-res-Sensorium-20240627-MZ107876\/3266765268.jpg\" src=\"data:image\/svg+xml,%3Csvg%20xmlns%3D%22http%3A%2F%2Fwww.w3.org%2F2000%2Fsvg%22%20width%3D%22150%22%20height%3D%22150%22%20viewBox%3D%220%200%20150%20150%22%3E%3C%2Fsvg%3E\" loading=\"eager\"><\/span><span class=\"fg-image-overlay\"><\/span><\/a><figcaption class=\"fg-caption\"><div class=\"fg-caption-inner\"><\/div><\/figcaption><\/figure><div class=\"fg-loader\"><\/div><\/div><div class=\"fg-item fg-type-image fg-idle\"><figure class=\"fg-item-inner\"><a href=\"https:\/\/sensorium.nowkasztuka.com\/wp-content\/uploads\/2024\/09\/Low-res-Sensorium-20240627-MZ107934.jpg\" data-attachment-id=\"1402\" data-type=\"image\" class=\"fg-thumb\"><span class=\"fg-image-wrap\"><img decoding=\"async\" width=\"150\" height=\"150\" class=\"skip-lazy fg-image\" data-src-fg=\"https:\/\/sensorium.nowkasztuka.com\/wp-content\/uploads\/cache\/2024\/09\/Low-res-Sensorium-20240627-MZ107934\/3779738645.jpg\" src=\"data:image\/svg+xml,%3Csvg%20xmlns%3D%22http%3A%2F%2Fwww.w3.org%2F2000%2Fsvg%22%20width%3D%22150%22%20height%3D%22150%22%20viewBox%3D%220%200%20150%20150%22%3E%3C%2Fsvg%3E\" loading=\"eager\"><\/span><span class=\"fg-image-overlay\"><\/span><\/a><figcaption class=\"fg-caption\"><div class=\"fg-caption-inner\"><\/div><\/figcaption><\/figure><div class=\"fg-loader\"><\/div><\/div><div class=\"fg-item fg-type-image fg-idle\"><figure class=\"fg-item-inner\"><a href=\"https:\/\/sensorium.nowkasztuka.com\/wp-content\/uploads\/2024\/09\/Low-res-Sensorium-20240627-MZ107651.jpg\" data-attachment-id=\"1403\" data-type=\"image\" class=\"fg-thumb\"><span class=\"fg-image-wrap\"><img decoding=\"async\" width=\"150\" height=\"150\" class=\"skip-lazy fg-image\" data-src-fg=\"https:\/\/sensorium.nowkasztuka.com\/wp-content\/uploads\/cache\/2024\/09\/Low-res-Sensorium-20240627-MZ107651\/3553014323.jpg\" src=\"data:image\/svg+xml,%3Csvg%20xmlns%3D%22http%3A%2F%2Fwww.w3.org%2F2000%2Fsvg%22%20width%3D%22150%22%20height%3D%22150%22%20viewBox%3D%220%200%20150%20150%22%3E%3C%2Fsvg%3E\" loading=\"eager\"><\/span><span class=\"fg-image-overlay\"><\/span><\/a><figcaption class=\"fg-caption\"><div class=\"fg-caption-inner\"><\/div><\/figcaption><\/figure><div class=\"fg-loader\"><\/div><\/div><div class=\"fg-item fg-type-image fg-idle\"><figure class=\"fg-item-inner\"><a href=\"https:\/\/sensorium.nowkasztuka.com\/wp-content\/uploads\/2024\/09\/Low-res-Sensorium-20240627-MZ107635.jpg\" data-attachment-id=\"1404\" data-type=\"image\" class=\"fg-thumb\"><span class=\"fg-image-wrap\"><img decoding=\"async\" width=\"150\" height=\"150\" class=\"skip-lazy fg-image\" data-src-fg=\"https:\/\/sensorium.nowkasztuka.com\/wp-content\/uploads\/cache\/2024\/09\/Low-res-Sensorium-20240627-MZ107635\/2692063323.jpg\" src=\"data:image\/svg+xml,%3Csvg%20xmlns%3D%22http%3A%2F%2Fwww.w3.org%2F2000%2Fsvg%22%20width%3D%22150%22%20height%3D%22150%22%20viewBox%3D%220%200%20150%20150%22%3E%3C%2Fsvg%3E\" loading=\"eager\"><\/span><span class=\"fg-image-overlay\"><\/span><\/a><figcaption class=\"fg-caption\"><div class=\"fg-caption-inner\"><\/div><\/figcaption><\/figure><div class=\"fg-loader\"><\/div><\/div><\/div>\r\n\n<h4>PA\u0141AC SZTUKI w Krakowie<\/h4>\n<\/div>\n<div class=\"post-content\">\n<p>Pa\u0142ac Sztuki w Krakowie jest siedzib\u0105 powsta\u0142ego w 1854 r. Towarzystwa Przyjaci\u00f3\u0142 Sztuk Pi\u0119knych.<\/p>\n<style type=\"text\/css\">\r\n\t#foogallery-gallery-1405 .fg-image {\r\n        width: 150px;\r\n    }\r\n<\/style>\r\n\t\t\t\t<div class=\"foogallery foogallery-container foogallery-default foogallery-lightbox-foogallery fg-gutter-10 fg-center fg-default fg-light fg-border-thin fg-shadow-outline fg-loading-default fg-loaded-fade-in fg-caption-hover fg-hover-fade fg-hover-zoom fg-ready\" id=\"foogallery-gallery-1405\" data-foogallery=\"{&quot;item&quot;:{&quot;showCaptionTitle&quot;:true,&quot;showCaptionDescription&quot;:true},&quot;lazy&quot;:true}\" data-foogallery-lightbox=\"{&quot;thumbs&quot;:&quot;bottom&quot;,&quot;thumbsCaptions&quot;:false,&quot;thumbsBestFit&quot;:false,&quot;thumbsSmall&quot;:false,&quot;thumbsCaptionsAlign&quot;:&quot;default&quot;,&quot;info&quot;:&quot;bottom&quot;,&quot;infoVisible&quot;:true,&quot;infoOverlay&quot;:true,&quot;infoAlign&quot;:&quot;default&quot;,&quot;transition&quot;:&quot;fade&quot;,&quot;hoverButtons&quot;:false,&quot;fitMedia&quot;:false,&quot;noScrollbars&quot;:true,&quot;preserveButtonSpace&quot;:true,&quot;buttons&quot;:{&quot;fullscreen&quot;:true,&quot;info&quot;:true,&quot;thumbs&quot;:false},&quot;video&quot;:{&quot;autoPlay&quot;:true}}\" >\r\n\t<div class=\"fg-item fg-type-image fg-idle\"><figure class=\"fg-item-inner\"><a href=\"https:\/\/sensorium.nowkasztuka.com\/wp-content\/uploads\/2024\/09\/Low-res-PalacSztuki-20240418-DSC00238.jpg\" data-attachment-id=\"1406\" data-type=\"image\" class=\"fg-thumb\"><span class=\"fg-image-wrap\"><img decoding=\"async\" width=\"150\" height=\"150\" class=\"skip-lazy fg-image\" data-src-fg=\"https:\/\/sensorium.nowkasztuka.com\/wp-content\/uploads\/cache\/2024\/09\/Low-res-PalacSztuki-20240418-DSC00238\/3914890784.jpg\" src=\"data:image\/svg+xml,%3Csvg%20xmlns%3D%22http%3A%2F%2Fwww.w3.org%2F2000%2Fsvg%22%20width%3D%22150%22%20height%3D%22150%22%20viewBox%3D%220%200%20150%20150%22%3E%3C%2Fsvg%3E\" loading=\"eager\"><\/span><span class=\"fg-image-overlay\"><\/span><\/a><figcaption class=\"fg-caption\"><div class=\"fg-caption-inner\"><\/div><\/figcaption><\/figure><div class=\"fg-loader\"><\/div><\/div><div class=\"fg-item fg-type-image fg-idle\"><figure class=\"fg-item-inner\"><a href=\"https:\/\/sensorium.nowkasztuka.com\/wp-content\/uploads\/2024\/09\/Low-res-PalacSztuki-20240418-DSC09894.jpg\" data-attachment-id=\"1407\" data-type=\"image\" class=\"fg-thumb\"><span class=\"fg-image-wrap\"><img decoding=\"async\" width=\"150\" height=\"150\" class=\"skip-lazy fg-image\" data-src-fg=\"https:\/\/sensorium.nowkasztuka.com\/wp-content\/uploads\/cache\/2024\/09\/Low-res-PalacSztuki-20240418-DSC09894\/4066430532.jpg\" src=\"data:image\/svg+xml,%3Csvg%20xmlns%3D%22http%3A%2F%2Fwww.w3.org%2F2000%2Fsvg%22%20width%3D%22150%22%20height%3D%22150%22%20viewBox%3D%220%200%20150%20150%22%3E%3C%2Fsvg%3E\" loading=\"eager\"><\/span><span class=\"fg-image-overlay\"><\/span><\/a><figcaption class=\"fg-caption\"><div class=\"fg-caption-inner\"><\/div><\/figcaption><\/figure><div class=\"fg-loader\"><\/div><\/div><div class=\"fg-item fg-type-image fg-idle\"><figure class=\"fg-item-inner\"><a href=\"https:\/\/sensorium.nowkasztuka.com\/wp-content\/uploads\/2024\/09\/Low-res-PalacSztuki-20240418-DSC09871.jpg\" data-attachment-id=\"1408\" data-type=\"image\" class=\"fg-thumb\"><span class=\"fg-image-wrap\"><img decoding=\"async\" width=\"150\" height=\"150\" class=\"skip-lazy fg-image\" data-src-fg=\"https:\/\/sensorium.nowkasztuka.com\/wp-content\/uploads\/cache\/2024\/09\/Low-res-PalacSztuki-20240418-DSC09871\/1667403472.jpg\" src=\"data:image\/svg+xml,%3Csvg%20xmlns%3D%22http%3A%2F%2Fwww.w3.org%2F2000%2Fsvg%22%20width%3D%22150%22%20height%3D%22150%22%20viewBox%3D%220%200%20150%20150%22%3E%3C%2Fsvg%3E\" loading=\"eager\"><\/span><span class=\"fg-image-overlay\"><\/span><\/a><figcaption class=\"fg-caption\"><div class=\"fg-caption-inner\"><\/div><\/figcaption><\/figure><div class=\"fg-loader\"><\/div><\/div><div class=\"fg-item fg-type-image fg-idle\"><figure class=\"fg-item-inner\"><a href=\"https:\/\/sensorium.nowkasztuka.com\/wp-content\/uploads\/2024\/09\/Low-res-PalacSztuki-20240418-DSC09543.jpg\" data-attachment-id=\"1409\" data-type=\"image\" class=\"fg-thumb\"><span class=\"fg-image-wrap\"><img decoding=\"async\" width=\"150\" height=\"150\" class=\"skip-lazy fg-image\" data-src-fg=\"https:\/\/sensorium.nowkasztuka.com\/wp-content\/uploads\/cache\/2024\/09\/Low-res-PalacSztuki-20240418-DSC09543\/1491255073.jpg\" src=\"data:image\/svg+xml,%3Csvg%20xmlns%3D%22http%3A%2F%2Fwww.w3.org%2F2000%2Fsvg%22%20width%3D%22150%22%20height%3D%22150%22%20viewBox%3D%220%200%20150%20150%22%3E%3C%2Fsvg%3E\" loading=\"eager\"><\/span><span class=\"fg-image-overlay\"><\/span><\/a><figcaption class=\"fg-caption\"><div class=\"fg-caption-inner\"><\/div><\/figcaption><\/figure><div class=\"fg-loader\"><\/div><\/div><div class=\"fg-item fg-type-image fg-idle\"><figure class=\"fg-item-inner\"><a href=\"https:\/\/sensorium.nowkasztuka.com\/wp-content\/uploads\/2024\/09\/Low-res-PalacSztuki-20240418-DSC00015.jpg\" data-attachment-id=\"1410\" data-type=\"image\" class=\"fg-thumb\"><span class=\"fg-image-wrap\"><img decoding=\"async\" width=\"150\" height=\"150\" class=\"skip-lazy fg-image\" data-src-fg=\"https:\/\/sensorium.nowkasztuka.com\/wp-content\/uploads\/cache\/2024\/09\/Low-res-PalacSztuki-20240418-DSC00015\/2527004647.jpg\" src=\"data:image\/svg+xml,%3Csvg%20xmlns%3D%22http%3A%2F%2Fwww.w3.org%2F2000%2Fsvg%22%20width%3D%22150%22%20height%3D%22150%22%20viewBox%3D%220%200%20150%20150%22%3E%3C%2Fsvg%3E\" loading=\"eager\"><\/span><span class=\"fg-image-overlay\"><\/span><\/a><figcaption class=\"fg-caption\"><div class=\"fg-caption-inner\"><\/div><\/figcaption><\/figure><div class=\"fg-loader\"><\/div><\/div><div class=\"fg-item fg-type-image fg-idle\"><figure class=\"fg-item-inner\"><a href=\"https:\/\/sensorium.nowkasztuka.com\/wp-content\/uploads\/2024\/09\/Low-res-PalacSztuki-20240418-DSC00052.jpg\" data-attachment-id=\"1411\" data-type=\"image\" class=\"fg-thumb\"><span class=\"fg-image-wrap\"><img decoding=\"async\" width=\"150\" height=\"150\" class=\"skip-lazy fg-image\" data-src-fg=\"https:\/\/sensorium.nowkasztuka.com\/wp-content\/uploads\/cache\/2024\/09\/Low-res-PalacSztuki-20240418-DSC00052\/1952505355.jpg\" src=\"data:image\/svg+xml,%3Csvg%20xmlns%3D%22http%3A%2F%2Fwww.w3.org%2F2000%2Fsvg%22%20width%3D%22150%22%20height%3D%22150%22%20viewBox%3D%220%200%20150%20150%22%3E%3C%2Fsvg%3E\" loading=\"eager\"><\/span><span class=\"fg-image-overlay\"><\/span><\/a><figcaption class=\"fg-caption\"><div class=\"fg-caption-inner\"><\/div><\/figcaption><\/figure><div class=\"fg-loader\"><\/div><\/div><\/div>\r\n\n<p>adres:<\/p>\n<p>Plac Szczepa\u0144ski 4, 31-011 Krak\u00f3w<br \/>\ntel.\/fax.: + 48 12 422 66 16<\/p>\n<p>godziny otwarcia:<br \/>\nwtorek \u2013 pi\u0105tek: 10.00 \u2013 18.00<br \/>\nsobota \u2013 niedziela: 10.00 \u2013 18.00<\/p>\n<p><a href=\"http:\/\/palac-sztuki.krakow.pl\">http:\/\/palac-sztuki.krakow.pl<\/a><\/p>\n<style type=\"text\/css\">\r\n\t#foogallery-gallery-1198 .fg-image {\r\n        width: 150px;\r\n    }\r\n<\/style>\r\n\t\t\t\t<div class=\"foogallery foogallery-container foogallery-default foogallery-lightbox-foogallery fg-gutter-10 fg-left fg-default fg-light fg-border-thin fg-shadow-outline fg-loading-default fg-loaded-fade-in fg-caption-hover fg-hover-fade fg-hover-zoom fg-ready\" id=\"foogallery-gallery-1198\" data-foogallery=\"{&quot;item&quot;:{&quot;showCaptionTitle&quot;:true,&quot;showCaptionDescription&quot;:true},&quot;lazy&quot;:true}\" data-foogallery-lightbox=\"{&quot;thumbs&quot;:&quot;bottom&quot;,&quot;thumbsCaptions&quot;:false,&quot;thumbsBestFit&quot;:false,&quot;thumbsSmall&quot;:false,&quot;thumbsCaptionsAlign&quot;:&quot;default&quot;,&quot;info&quot;:&quot;bottom&quot;,&quot;infoVisible&quot;:true,&quot;infoOverlay&quot;:true,&quot;infoAlign&quot;:&quot;default&quot;,&quot;transition&quot;:&quot;fade&quot;,&quot;hoverButtons&quot;:false,&quot;fitMedia&quot;:false,&quot;noScrollbars&quot;:true,&quot;preserveButtonSpace&quot;:true,&quot;buttons&quot;:{&quot;fullscreen&quot;:true,&quot;info&quot;:true,&quot;thumbs&quot;:false},&quot;video&quot;:{&quot;autoPlay&quot;:true}}\" >\r\n\t<div class=\"fg-item fg-type-image fg-idle\"><figure class=\"fg-item-inner\"><a href=\"https:\/\/sensorium.nowkasztuka.com\/wp-content\/uploads\/2024\/04\/TPSP-logo-scaled.jpg\" data-attachment-id=\"1185\" data-type=\"image\" class=\"fg-thumb\"><span class=\"fg-image-wrap\"><img decoding=\"async\" width=\"150\" height=\"150\" class=\"skip-lazy fg-image\" data-src-fg=\"https:\/\/sensorium.nowkasztuka.com\/wp-content\/uploads\/cache\/2024\/04\/TPSP-logo-scaled\/3802004475.jpg\" src=\"data:image\/svg+xml,%3Csvg%20xmlns%3D%22http%3A%2F%2Fwww.w3.org%2F2000%2Fsvg%22%20width%3D%22150%22%20height%3D%22150%22%20viewBox%3D%220%200%20150%20150%22%3E%3C%2Fsvg%3E\" loading=\"eager\"><\/span><span class=\"fg-image-overlay\"><\/span><\/a><figcaption class=\"fg-caption\"><div class=\"fg-caption-inner\"><\/div><\/figcaption><\/figure><div class=\"fg-loader\"><\/div><\/div><div class=\"fg-item fg-type-image fg-idle\"><figure class=\"fg-item-inner\"><a href=\"https:\/\/sensorium.nowkasztuka.com\/wp-content\/uploads\/2024\/04\/1.jpg\" data-attachment-id=\"1199\" data-type=\"image\" class=\"fg-thumb\"><span class=\"fg-image-wrap\"><img decoding=\"async\" width=\"150\" height=\"150\" class=\"skip-lazy fg-image\" data-src-fg=\"https:\/\/sensorium.nowkasztuka.com\/wp-content\/uploads\/cache\/2024\/04\/1\/2092276233.jpg\" src=\"data:image\/svg+xml,%3Csvg%20xmlns%3D%22http%3A%2F%2Fwww.w3.org%2F2000%2Fsvg%22%20width%3D%22150%22%20height%3D%22150%22%20viewBox%3D%220%200%20150%20150%22%3E%3C%2Fsvg%3E\" loading=\"eager\"><\/span><span class=\"fg-image-overlay\"><\/span><\/a><figcaption class=\"fg-caption\"><div class=\"fg-caption-inner\"><\/div><\/figcaption><\/figure><div class=\"fg-loader\"><\/div><\/div><div class=\"fg-item fg-type-image fg-idle\"><figure class=\"fg-item-inner\"><a href=\"https:\/\/sensorium.nowkasztuka.com\/wp-content\/uploads\/2024\/04\/4.jpg\" data-attachment-id=\"1200\" data-type=\"image\" class=\"fg-thumb\"><span class=\"fg-image-wrap\"><img decoding=\"async\" width=\"150\" height=\"150\" class=\"skip-lazy fg-image\" data-src-fg=\"https:\/\/sensorium.nowkasztuka.com\/wp-content\/uploads\/cache\/2024\/04\/4\/2983165264.jpg\" src=\"data:image\/svg+xml,%3Csvg%20xmlns%3D%22http%3A%2F%2Fwww.w3.org%2F2000%2Fsvg%22%20width%3D%22150%22%20height%3D%22150%22%20viewBox%3D%220%200%20150%20150%22%3E%3C%2Fsvg%3E\" loading=\"eager\"><\/span><span class=\"fg-image-overlay\"><\/span><\/a><figcaption class=\"fg-caption\"><div class=\"fg-caption-inner\"><\/div><\/figcaption><\/figure><div class=\"fg-loader\"><\/div><\/div><\/div>\r\n\n<\/div>\n","protected":false},"excerpt":{"rendered":"<p>Sensorium_artlab to galeria sztuki, w kt\u00f3rej prezentowane b\u0119d\u0105 prace z nurtu art&amp;science, dw\u00f3ch pozornie r\u00f3\u017cnych \u015bwiat\u00f3w, kt\u00f3re jednak doskonale wsp\u00f3\u0142pracuj\u0105, daj\u0105c zaskakuj\u0105ce, nowatorskie projekty. W przestrzeni zobaczymy prace artyst\u00f3w, in\u017cynier\u00f3w, naukowc\u00f3w, kt\u00f3rzy eksploruj\u0105 granice kreatywno\u015bci i wiedzy. Galeria znajduje si\u0119 na Wydziale Informatyki AGH przy ul. Kawiory 21 w Krakowie. Otwarcie zainauguruje wernisa\u017c 27 czerwca. &nbsp; Obie dziedziny, zar\u00f3wno sztuka, jak i nauka, wyra\u017caj\u0105 ludzk\u0105 kreatywno\u015b\u0107, ciekawo\u015b\u0107 i eksploracj\u0119 \u015bwiata. W galerii prezentowane b\u0119d\u0105 takie realizacje, kt\u00f3re zapadn\u0105 na d\u0142ugo&hellip;<a href=\"https:\/\/sensorium.nowkasztuka.com\/index.php\/nowka-sztuka-napisali-o-nas\/\" class=\"more-link\">Continue reading <span class=\"screen-reader-text\">miejsca<\/span><\/a><\/p>\n","protected":false},"author":3,"featured_media":1277,"parent":0,"menu_order":0,"comment_status":"closed","ping_status":"closed","template":"page_fullwidth.php","meta":{"footnotes":""},"_links":{"self":[{"href":"https:\/\/sensorium.nowkasztuka.com\/index.php\/wp-json\/wp\/v2\/pages\/567"}],"collection":[{"href":"https:\/\/sensorium.nowkasztuka.com\/index.php\/wp-json\/wp\/v2\/pages"}],"about":[{"href":"https:\/\/sensorium.nowkasztuka.com\/index.php\/wp-json\/wp\/v2\/types\/page"}],"author":[{"embeddable":true,"href":"https:\/\/sensorium.nowkasztuka.com\/index.php\/wp-json\/wp\/v2\/users\/3"}],"replies":[{"embeddable":true,"href":"https:\/\/sensorium.nowkasztuka.com\/index.php\/wp-json\/wp\/v2\/comments?post=567"}],"version-history":[{"count":13,"href":"https:\/\/sensorium.nowkasztuka.com\/index.php\/wp-json\/wp\/v2\/pages\/567\/revisions"}],"predecessor-version":[{"id":1412,"href":"https:\/\/sensorium.nowkasztuka.com\/index.php\/wp-json\/wp\/v2\/pages\/567\/revisions\/1412"}],"wp:featuredmedia":[{"embeddable":true,"href":"https:\/\/sensorium.nowkasztuka.com\/index.php\/wp-json\/wp\/v2\/media\/1277"}],"wp:attachment":[{"href":"https:\/\/sensorium.nowkasztuka.com\/index.php\/wp-json\/wp\/v2\/media?parent=567"}],"curies":[{"name":"wp","href":"https:\/\/api.w.org\/{rel}","templated":true}]}}