{"id":28,"date":"2017-04-23T11:19:04","date_gmt":"2017-04-23T09:19:04","guid":{"rendered":"http:\/\/fundacjaws.up.krakow.pl\/?page_id=28"},"modified":"2024-04-14T15:39:29","modified_gmt":"2024-04-14T13:39:29","slug":"rada-i-zarzad-fundacji","status":"publish","type":"page","link":"https:\/\/sensorium.nowkasztuka.com\/index.php\/rada-i-zarzad-fundacji\/","title":{"rendered":"zesp\u00f3\u0142 merytoryczny"},"content":{"rendered":"<style type=\"text\/css\">\r\n\t#foogallery-gallery-1159 .fg-image {\r\n        width: 150px;\r\n    }\r\n<\/style>\r\n\t\t\t\t<div class=\"foogallery foogallery-container foogallery-default foogallery-lightbox-foogallery fg-gutter-20 fg-left fg-m-col1 fg-default fg-light fg-border-thin fg-shadow-outline fg-loading-default fg-loaded-fade-in fg-caption-hover fg-hover-fade fg-hover-zoom fg-ready\" id=\"foogallery-gallery-1159\" data-foogallery=\"{&quot;item&quot;:{&quot;showCaptionTitle&quot;:true,&quot;showCaptionDescription&quot;:true},&quot;lazy&quot;:true}\" data-foogallery-lightbox=\"{&quot;thumbs&quot;:&quot;bottom&quot;,&quot;thumbsCaptions&quot;:false,&quot;thumbsBestFit&quot;:false,&quot;thumbsSmall&quot;:false,&quot;thumbsCaptionsAlign&quot;:&quot;default&quot;,&quot;info&quot;:&quot;bottom&quot;,&quot;infoVisible&quot;:true,&quot;infoOverlay&quot;:true,&quot;infoAlign&quot;:&quot;default&quot;,&quot;transition&quot;:&quot;fade&quot;,&quot;hoverButtons&quot;:false,&quot;fitMedia&quot;:false,&quot;noScrollbars&quot;:true,&quot;preserveButtonSpace&quot;:true,&quot;buttons&quot;:{&quot;fullscreen&quot;:true,&quot;info&quot;:true,&quot;thumbs&quot;:false},&quot;video&quot;:{&quot;autoPlay&quot;:true}}\" >\r\n\t<div class=\"fg-item fg-type-image fg-idle\"><figure class=\"fg-item-inner\"><a href=\"https:\/\/sensorium.nowkasztuka.com\/wp-content\/uploads\/2024\/04\/alicja.jpg\" data-caption-title=\"fot. Andrzej Banas\nwww.andrzejbanas.pl\" data-attachment-id=\"1142\" data-type=\"image\" class=\"fg-thumb\"><span class=\"fg-image-wrap\"><img decoding=\"async\" title=\"fot. Andrzej Banas\nwww.andrzejbanas.pl\" width=\"150\" height=\"150\" class=\"skip-lazy fg-image\" data-src-fg=\"https:\/\/sensorium.nowkasztuka.com\/wp-content\/uploads\/cache\/2024\/04\/alicja\/488229113.jpg\" src=\"data:image\/svg+xml,%3Csvg%20xmlns%3D%22http%3A%2F%2Fwww.w3.org%2F2000%2Fsvg%22%20width%3D%22150%22%20height%3D%22150%22%20viewBox%3D%220%200%20150%20150%22%3E%3C%2Fsvg%3E\" loading=\"eager\"><\/span><span class=\"fg-image-overlay\"><\/span><\/a><figcaption class=\"fg-caption\"><div class=\"fg-caption-inner\"><div class=\"fg-caption-title\">fot. Andrzej Banas\nwww.andrzejbanas.pl<\/div><\/div><\/figcaption><\/figure><div class=\"fg-loader\"><\/div><\/div><\/div>\r\n\n<p>&nbsp;<\/p>\n<p style=\"text-align: left;\"><b>Prof. Alicja Panasiewicz<\/b><span style=\"font-weight: 400;\"> \u2013 profesor sztuki Artystka wizualna, absolwentka Akademii Sztuk Pi\u0119knych w Krakowie, zajmuje si\u0119 \u00a0 instalacjami multimedialnymi. Obecnie wyk\u0142adowca na Wydziale Sztuki Uniwersytetu Pedagogicznego im. Komisji Edukacji Narodowej w Krakowie. Prowadzi zaj\u0119cia na kierunku Design oraz Art&amp;Design a tak\u017ce warsztaty dla student\u00f3w poszerzaj\u0105ce percepcj\u0119 \u015bwiat\u0142a i przestrzeni.<\/span><\/p>\n<p style=\"text-align: left;\"><span style=\"font-weight: 400;\">W swojej tw\u00f3rczo\u015bci koncentruje si\u0119 na zjawisku \u015bwiat\u0142a i przestrzeni i ich warto\u015bci estetycznej buduj\u0105cej wra\u017cenie. Wykorzystuje w instalacjach specyfik\u0119 postrzegania jako procesu; w\u0142a\u015bciwo\u015bci ludzkiego oka i jego unikatowych mo\u017cliwo\u015bci odbioru wra\u017ce\u0144 barwnych oraz zdolno\u015b\u0107 ludzkiego umys\u0142u przetwarzania zarejestrowany obraz\u00f3w jako fali \u015bwietlnej. Bra\u0142a udzia\u0142 w kilkudziesi\u0119ciu wystawach indywidualnych i zbiorowych w Polsce i za granic\u0105.<\/span><\/p>\n<p style=\"text-align: left;\"><span style=\"font-weight: 400;\">Organizatorka og\u00f3lnopolskich targ\u00f3w artyst\u00f3w i dizajner\u00f3w \u201cN\u00f3wka Sztuka\u201d, odby\u0142o si\u0119 6 edycji od 2018 r.<\/span><\/p>\n<p style=\"text-align: left;\"><span style=\"font-weight: 400;\">Organizatorka dw\u00f3ch edycji konkursu studenckiego: Digital Attack Art Festival: og\u00f3lnopolskiego, mi\u0119dzyuczelnianego konkursu. kt\u00f3rego celem by\u0142a wymiana do\u015bwiadcze\u0144 oraz szeroki wgl\u0105d w poziom i kondycj\u0119 kszta\u0142cenia artystycznego wykorzystuj\u0105cego cyfrowe technologie obrazowania.<\/span><\/p>\n<p>&nbsp;<\/p>\n<style type=\"text\/css\">\r\n\t#foogallery-gallery-1187 .fg-image {\r\n        width: 150px;\r\n    }\r\n<\/style>\r\n\t\t\t\t<div class=\"foogallery foogallery-container foogallery-default foogallery-lightbox-foogallery fg-gutter-10 fg-left fg-default fg-light fg-border-thin fg-shadow-outline fg-loading-default fg-loaded-fade-in fg-caption-hover fg-hover-fade fg-hover-zoom fg-ready\" id=\"foogallery-gallery-1187\" data-foogallery=\"{&quot;item&quot;:{&quot;showCaptionTitle&quot;:true,&quot;showCaptionDescription&quot;:true},&quot;lazy&quot;:true}\" data-foogallery-lightbox=\"{&quot;thumbs&quot;:&quot;bottom&quot;,&quot;thumbsCaptions&quot;:false,&quot;thumbsBestFit&quot;:false,&quot;thumbsSmall&quot;:false,&quot;thumbsCaptionsAlign&quot;:&quot;default&quot;,&quot;info&quot;:&quot;bottom&quot;,&quot;infoVisible&quot;:true,&quot;infoOverlay&quot;:true,&quot;infoAlign&quot;:&quot;default&quot;,&quot;transition&quot;:&quot;fade&quot;,&quot;hoverButtons&quot;:false,&quot;fitMedia&quot;:false,&quot;noScrollbars&quot;:true,&quot;preserveButtonSpace&quot;:true,&quot;buttons&quot;:{&quot;fullscreen&quot;:true,&quot;info&quot;:true,&quot;thumbs&quot;:false},&quot;video&quot;:{&quot;autoPlay&quot;:true}}\" >\r\n\t<div class=\"fg-item fg-type-image fg-idle\"><figure class=\"fg-item-inner\"><a href=\"https:\/\/sensorium.nowkasztuka.com\/wp-content\/uploads\/2024\/04\/Olek.jpg\" data-attachment-id=\"1140\" data-type=\"image\" class=\"fg-thumb\"><span class=\"fg-image-wrap\"><img decoding=\"async\" width=\"150\" height=\"150\" class=\"skip-lazy fg-image\" data-src-fg=\"https:\/\/sensorium.nowkasztuka.com\/wp-content\/uploads\/cache\/2024\/04\/Olek\/4228326406.jpg\" src=\"data:image\/svg+xml,%3Csvg%20xmlns%3D%22http%3A%2F%2Fwww.w3.org%2F2000%2Fsvg%22%20width%3D%22150%22%20height%3D%22150%22%20viewBox%3D%220%200%20150%20150%22%3E%3C%2Fsvg%3E\" loading=\"eager\"><\/span><span class=\"fg-image-overlay\"><\/span><\/a><figcaption class=\"fg-caption\"><div class=\"fg-caption-inner\"><\/div><\/figcaption><\/figure><div class=\"fg-loader\"><\/div><\/div><\/div>\r\n\n<p>&nbsp;<\/p>\n<p style=\"text-align: left;\"><b>Prof. Aleksander Byrski<\/b><span style=\"font-weight: 400;\"> \u2013 profesor nauk informatycznych. Pracuje na stanowisku zast\u0119pcy Dziekana ds. Wsp\u00f3\u0142pracy na Wydziale Informatyki AGH. W swojej pracy naukowej zajmuje si\u0119 obliczeniami metaheurystycznymi, systemami agentowymi, algorytmami wsp\u00f3\u0142bie\u017cnymi i rozproszonymi. Jest autorem ponad 170 publikacji naukowych, promotorem 6 uko\u0144czonych doktorat\u00f3w.<\/span><\/p>\n<p style=\"text-align: left;\"><span style=\"font-weight: 400;\">Jest przewodnicz\u0105cym Komisji ds Etyki Bada\u0144 z Udzia\u0142em Cz\u0142owieka AGH oraz zast\u0119pc\u0105 przewodnicz\u0105cego Komitetu Informatyki PAN.<\/span><\/p>\n<p style=\"text-align: left;\"><span style=\"font-weight: 400;\">Poza prac\u0105 zawodow\u0105 prowadzi dzia\u0142ania fundacji Try IT popularyzuj\u0105cej badania naukowe i in\u017cynierskie w IT i zach\u0119caj\u0105cej do rozpocz\u0119cia kariery w IT. Fundacja prowadzi r\u00f3wnie\u017c od dw\u00f3ch lat festiwal innowacji studenckich IT is ME oraz nowy modu\u0142 owego festiwalu, IT is ART promuj\u0105cy dzia\u0142ania na pograniczu IT oraz sztuki.<\/span><\/p>\n<p>&nbsp;<\/p>\n<style type=\"text\/css\">\r\n\t#foogallery-gallery-1188 .fg-image {\r\n        width: 150px;\r\n    }\r\n<\/style>\r\n\t\t\t\t<div class=\"foogallery foogallery-container foogallery-default foogallery-lightbox-foogallery fg-gutter-10 fg-left fg-default fg-light fg-border-thin fg-shadow-outline fg-loading-default fg-loaded-fade-in fg-caption-hover fg-hover-fade fg-hover-zoom fg-ready\" id=\"foogallery-gallery-1188\" data-foogallery=\"{&quot;item&quot;:{&quot;showCaptionTitle&quot;:true,&quot;showCaptionDescription&quot;:true},&quot;lazy&quot;:true}\" data-foogallery-lightbox=\"{&quot;thumbs&quot;:&quot;bottom&quot;,&quot;thumbsCaptions&quot;:false,&quot;thumbsBestFit&quot;:false,&quot;thumbsSmall&quot;:false,&quot;thumbsCaptionsAlign&quot;:&quot;default&quot;,&quot;info&quot;:&quot;bottom&quot;,&quot;infoVisible&quot;:true,&quot;infoOverlay&quot;:true,&quot;infoAlign&quot;:&quot;default&quot;,&quot;transition&quot;:&quot;fade&quot;,&quot;hoverButtons&quot;:false,&quot;fitMedia&quot;:false,&quot;noScrollbars&quot;:true,&quot;preserveButtonSpace&quot;:true,&quot;buttons&quot;:{&quot;fullscreen&quot;:true,&quot;info&quot;:true,&quot;thumbs&quot;:false},&quot;video&quot;:{&quot;autoPlay&quot;:true}}\" >\r\n\t<div class=\"fg-item fg-type-image fg-idle\"><figure class=\"fg-item-inner\"><a href=\"https:\/\/sensorium.nowkasztuka.com\/wp-content\/uploads\/2024\/04\/jacek.jpg\" data-caption-title=\"OLYMPUS DIGITAL CAMERA\" data-attachment-id=\"1141\" data-type=\"image\" class=\"fg-thumb\"><span class=\"fg-image-wrap\"><img decoding=\"async\" title=\"OLYMPUS DIGITAL CAMERA\" width=\"150\" height=\"150\" class=\"skip-lazy fg-image\" data-src-fg=\"https:\/\/sensorium.nowkasztuka.com\/wp-content\/uploads\/cache\/2024\/04\/jacek\/3300044577.jpg\" src=\"data:image\/svg+xml,%3Csvg%20xmlns%3D%22http%3A%2F%2Fwww.w3.org%2F2000%2Fsvg%22%20width%3D%22150%22%20height%3D%22150%22%20viewBox%3D%220%200%20150%20150%22%3E%3C%2Fsvg%3E\" loading=\"eager\"><\/span><span class=\"fg-image-overlay\"><\/span><\/a><figcaption class=\"fg-caption\"><div class=\"fg-caption-inner\"><div class=\"fg-caption-title\">OLYMPUS DIGITAL CAMERA<\/div><\/div><\/figcaption><\/figure><div class=\"fg-loader\"><\/div><\/div><\/div>\r\n\n<p>&nbsp;<\/p>\n<p style=\"text-align: left;\"><b>Prof. Jacek Wachowski<\/b><span style=\"font-weight: 400;\"> \u2013 profesor nauk humanistycznych. Profesor zwyczajny w Katedrze Teatru i Sztuki Medi\u00f3w UAM. Specjalista w dziedzinie performatyki, refleksji nad widowiskami (teorii teatru i dramatu) oraz komunikacji spo\u0142ecznej. Prowadzi tak\u017ce badania dotycz\u0105ce zwi\u0105zk\u00f3w humanistyki z nowymi technologiami, a w szczeg\u00f3lno\u015bci dotycz\u0105ce wp\u0142ywu nowych technologii cyfrowych na relacje spo\u0142eczne i komunikacyjne oraz sztuk\u0119.<\/span><\/p>\n<p style=\"text-align: left;\"><span style=\"font-weight: 400;\">W latach 1993\u20131996 odby\u0142 seri\u0119 sta\u017cy na uniwersytetach ameryka\u0144skich, rozwijaj\u0105c swoje zainteresowania performansem i komunikacj\u0105 spo\u0142eczn\u0105. Uczestniczy\u0142 w projektach badawczych podejmowanych w tych o\u015brodkach, a tak\u017ce w pracach mi\u0119dzynarodowego \u015brodowiska teatrolog\u00f3w skupionych w F\u00e9d\u00e9ration Internationale Pour la Recherche Th\u00e9\u00e2trale.<\/span><\/p>\n<p style=\"text-align: left;\"><span style=\"font-weight: 400;\">Od 1996 kontynuowa\u0142 prac\u0119 w Instytucie Filologii Polskiej oraz w Wy\u017cszej Szkole Umiej\u0119tno\u015bci Spo\u0142ecznych w Poznaniu, gdzie przygotowa\u0142 autorski program studi\u00f3w w zakresie Dziennikarstwa i Komunikacji Spo\u0142ecznej. W tej\u017ce uczelni pe\u0142ni\u0142 nast\u0119pnie liczne funkcje, m.in.: dziekana Wydzia\u0142u Dziennikarstwa i Komunikacji Spo\u0142ecznej, pe\u0142nomocnika rektora ds. naukowych i kierownika Katedry Komunikacji Spo\u0142ecznej.\u00a0<\/span><\/p>\n<p>&nbsp;<\/p>\n","protected":false},"excerpt":{"rendered":"<p>&nbsp; Prof. Alicja Panasiewicz \u2013 profesor sztuki Artystka wizualna, absolwentka Akademii Sztuk Pi\u0119knych w Krakowie, zajmuje si\u0119 \u00a0 instalacjami multimedialnymi. Obecnie wyk\u0142adowca na Wydziale Sztuki Uniwersytetu Pedagogicznego im. Komisji Edukacji Narodowej w Krakowie. Prowadzi zaj\u0119cia na kierunku Design oraz Art&amp;Design a tak\u017ce warsztaty dla student\u00f3w poszerzaj\u0105ce percepcj\u0119 \u015bwiat\u0142a i przestrzeni. W swojej tw\u00f3rczo\u015bci koncentruje si\u0119 na zjawisku \u015bwiat\u0142a i przestrzeni i ich warto\u015bci estetycznej buduj\u0105cej wra\u017cenie. Wykorzystuje w instalacjach specyfik\u0119 postrzegania jako procesu; w\u0142a\u015bciwo\u015bci ludzkiego oka i jego unikatowych mo\u017cliwo\u015bci&hellip;<a href=\"https:\/\/sensorium.nowkasztuka.com\/index.php\/rada-i-zarzad-fundacji\/\" class=\"more-link\">Continue reading <span class=\"screen-reader-text\">zesp\u00f3\u0142 merytoryczny<\/span><\/a><\/p>\n","protected":false},"author":3,"featured_media":0,"parent":0,"menu_order":0,"comment_status":"closed","ping_status":"closed","template":"","meta":{"footnotes":""},"_links":{"self":[{"href":"https:\/\/sensorium.nowkasztuka.com\/index.php\/wp-json\/wp\/v2\/pages\/28"}],"collection":[{"href":"https:\/\/sensorium.nowkasztuka.com\/index.php\/wp-json\/wp\/v2\/pages"}],"about":[{"href":"https:\/\/sensorium.nowkasztuka.com\/index.php\/wp-json\/wp\/v2\/types\/page"}],"author":[{"embeddable":true,"href":"https:\/\/sensorium.nowkasztuka.com\/index.php\/wp-json\/wp\/v2\/users\/3"}],"replies":[{"embeddable":true,"href":"https:\/\/sensorium.nowkasztuka.com\/index.php\/wp-json\/wp\/v2\/comments?post=28"}],"version-history":[{"count":23,"href":"https:\/\/sensorium.nowkasztuka.com\/index.php\/wp-json\/wp\/v2\/pages\/28\/revisions"}],"predecessor-version":[{"id":1192,"href":"https:\/\/sensorium.nowkasztuka.com\/index.php\/wp-json\/wp\/v2\/pages\/28\/revisions\/1192"}],"wp:attachment":[{"href":"https:\/\/sensorium.nowkasztuka.com\/index.php\/wp-json\/wp\/v2\/media?parent=28"}],"curies":[{"name":"wp","href":"https:\/\/api.w.org\/{rel}","templated":true}]}}