{"id":1104,"date":"2024-03-28T17:25:21","date_gmt":"2024-03-28T16:25:21","guid":{"rendered":"https:\/\/sensorium.nowkasztuka.com\/?page_id=1104"},"modified":"2024-04-14T21:11:39","modified_gmt":"2024-04-14T19:11:39","slug":"fundacja","status":"publish","type":"page","link":"https:\/\/sensorium.nowkasztuka.com\/index.php\/fundacja\/","title":{"rendered":"fundacja"},"content":{"rendered":"<p style=\"text-align: left;\"><a href=\"https:\/\/fundacja.nowkasztuka.com\/index.php\/o-fundacji\/\">Fundacja N\u00f3wki Sztuki<\/a><\/p>\n<div class=\"textwidget\" style=\"text-align: left;\"><b>e-mail:<br \/>\n<\/b>fundacjanowkisztuki@gmail.com<br \/>\ntargi.nowka@gmail.com<\/div>\n<div style=\"text-align: left;\"><\/div>\n<div class=\"textwidget\" style=\"text-align: left;\"><b>adres:<\/b><br \/>\n30-519 Krak\u00f3w, ul.\u00a0Zamoyskiego 27\/22<\/div>\n<div class=\"textwidget\" style=\"text-align: left;\"><b>KRS<\/b>\u00a00000613974<br \/>\n<b>NIP<\/b>\u00a06772403037<br \/>\n<b>REGON<\/b>\u00a0364429126<\/div>\n<div class=\"textwidget\" style=\"text-align: left;\"><b>nr konta: <\/b>Santander Bank<br \/>\n38 1090 2590 0000 0001 4179 1682<\/div>\n<p style=\"text-align: left;\">Fundacja N\u00f3wki Sztuki zosta\u0142a za\u0142o\u017cona w Krakowie w 2016 i jako organizacja pozarz\u0105dowa zajmuje si\u0119 dzia\u0142alno\u015bci\u0105 non-profit.<\/p>\n<p style=\"text-align: left;\">G\u0142\u00f3wnym celem Fundacji jest\u00a0 wspieranie i\u00a0rozw\u00f3j dzia\u0142a\u0144 tw\u00f3rczych, wystawienniczych, wydawniczych oraz\u00a0aktywno\u015bci zwi\u0105zanych z\u00a0szeroko rozumian\u0105 edukacj\u0105 artystyczn\u0105.<\/p>\n<p style=\"text-align: left;\">Wszystkie cele szczeg\u00f3\u0142owe \u0142\u0105czy wsp\u00f3lne przekonanie o\u00a0du\u017cej warto\u015bci dzia\u0142a\u0144 rozwijaj\u0105cych i\u00a0umacniaj\u0105cych postawy nastawione na\u00a0aktywne wsp\u00f3\u0142dzia\u0142anie w\u00a0rozwoju kultury i\u00a0sztuki.<\/p>\n","protected":false},"excerpt":{"rendered":"<p>Fundacja N\u00f3wki Sztuki e-mail: fundacjanowkisztuki@gmail.com targi.nowka@gmail.com adres: 30-519 Krak\u00f3w, ul.\u00a0Zamoyskiego 27\/22 KRS\u00a00000613974 NIP\u00a06772403037 REGON\u00a0364429126 nr konta: Santander Bank 38 1090 2590 0000 0001 4179 1682 Fundacja N\u00f3wki Sztuki zosta\u0142a za\u0142o\u017cona w Krakowie w 2016 i jako organizacja pozarz\u0105dowa zajmuje si\u0119 dzia\u0142alno\u015bci\u0105 non-profit. G\u0142\u00f3wnym celem Fundacji jest\u00a0 wspieranie i\u00a0rozw\u00f3j dzia\u0142a\u0144 tw\u00f3rczych, wystawienniczych, wydawniczych oraz\u00a0aktywno\u015bci zwi\u0105zanych z\u00a0szeroko rozumian\u0105 edukacj\u0105 artystyczn\u0105. Wszystkie cele szczeg\u00f3\u0142owe \u0142\u0105czy wsp\u00f3lne przekonanie o\u00a0du\u017cej warto\u015bci dzia\u0142a\u0144 rozwijaj\u0105cych i\u00a0umacniaj\u0105cych postawy nastawione na\u00a0aktywne wsp\u00f3\u0142dzia\u0142anie w\u00a0rozwoju kultury i\u00a0sztuki.<\/p>\n","protected":false},"author":3,"featured_media":0,"parent":0,"menu_order":0,"comment_status":"closed","ping_status":"closed","template":"","meta":{"footnotes":""},"_links":{"self":[{"href":"https:\/\/sensorium.nowkasztuka.com\/index.php\/wp-json\/wp\/v2\/pages\/1104"}],"collection":[{"href":"https:\/\/sensorium.nowkasztuka.com\/index.php\/wp-json\/wp\/v2\/pages"}],"about":[{"href":"https:\/\/sensorium.nowkasztuka.com\/index.php\/wp-json\/wp\/v2\/types\/page"}],"author":[{"embeddable":true,"href":"https:\/\/sensorium.nowkasztuka.com\/index.php\/wp-json\/wp\/v2\/users\/3"}],"replies":[{"embeddable":true,"href":"https:\/\/sensorium.nowkasztuka.com\/index.php\/wp-json\/wp\/v2\/comments?post=1104"}],"version-history":[{"count":8,"href":"https:\/\/sensorium.nowkasztuka.com\/index.php\/wp-json\/wp\/v2\/pages\/1104\/revisions"}],"predecessor-version":[{"id":1202,"href":"https:\/\/sensorium.nowkasztuka.com\/index.php\/wp-json\/wp\/v2\/pages\/1104\/revisions\/1202"}],"wp:attachment":[{"href":"https:\/\/sensorium.nowkasztuka.com\/index.php\/wp-json\/wp\/v2\/media?parent=1104"}],"curies":[{"name":"wp","href":"https:\/\/api.w.org\/{rel}","templated":true}]}}